{"id":6527,"date":"2025-01-28T10:51:19","date_gmt":"2025-01-28T09:51:19","guid":{"rendered":"https:\/\/ya-ka.be\/produit\/vegan-meatballs-a-la-liegeoise-with-rabbit-sauce\/"},"modified":"2025-01-28T10:53:42","modified_gmt":"2025-01-28T09:53:42","slug":"vegan-meatballs-a-la-liegeoise-with-rabbit-sauce","status":"publish","type":"product","link":"https:\/\/ya-ka.be\/en\/produit\/vegan-meatballs-a-la-liegeoise-with-rabbit-sauce\/","title":{"rendered":"Vegan meatballs a la Li\u00e9geoise, rabbit sauce"},"content":{"rendered":"<p>Vegan meatballs a la Li\u00e9geoise, Mr.rabbit sauce, roasted potatoes<\/p>\n<p><img fetchpriority=\"high\" decoding=\"async\" class=\"alignleft size-full wp-image-6524\" src=\"https:\/\/ya-ka.be\/wp-content\/uploads\/2025\/01\/boulets_liegeoise.jpg\" alt=\"\" width=\"385\" height=\"541\" srcset=\"https:\/\/ya-ka.be\/wp-content\/uploads\/2025\/01\/boulets_liegeoise.jpg 385w, https:\/\/ya-ka.be\/wp-content\/uploads\/2025\/01\/boulets_liegeoise-300x422.jpg 300w, https:\/\/ya-ka.be\/wp-content\/uploads\/2025\/01\/boulets_liegeoise-213x300.jpg 213w\" sizes=\"(max-width: 385px) 100vw, 385px\" \/><\/p>\n<p>These are one or two large dumplings (the size differentiates a larger dumpling from a smaller one) prepared from vegetable and legume hash, onions and parsley, pan-fried until golden, then slow-cooked in a special sweet-and-sour sauce made from onions, vinegar, Li\u00e8ge syrup, brown sugar and currants. This sauce is popularly known as &#8220;sauce lapin&#8221;, which fortunately does not contain rabbit, but is named after Madame G\u00e9raldine Lapin, n\u00e9e Corthouts, wife of Ernest Lapin (1868-1922), a tax collector in the suburbs of Li\u00e8ge.<\/p>\n","protected":false},"excerpt":{"rendered":"<p>Vegan meatballs a la Li\u00e9geoise, Mr.rabbit sauce, roasted potatoes These are one or two large dumplings (the size differentiates a larger dumpling from a smaller one) prepared from vegetable and legume hash, onions and parsley, pan-fried until golden, then slow-cooked in a special sweet-and-sour sauce made from onions, vinegar, Li\u00e8ge syrup, brown sugar and currants. [&hellip;]<\/p>\n","protected":false},"featured_media":6523,"template":"","meta":{"_seopress_robots_primary_cat":"none","_seopress_titles_title":"Vegan meatballs a la Li\u00e9geoise, rabbit sauce","_seopress_titles_desc":"Vegan meatballs a la Li\u00e9geoise, rabbit sauce","_seopress_robots_index":"","site-sidebar-layout":"default","site-content-layout":null,"ast-site-content-layout":"default","site-content-style":"default","site-sidebar-style":"default","ast-global-header-display":"","ast-banner-title-visibility":"","ast-main-header-display":"","ast-hfb-above-header-display":null,"ast-hfb-below-header-display":null,"ast-hfb-mobile-header-display":null,"site-post-title":"","ast-breadcrumbs-content":"","ast-featured-img":"","footer-sml-layout":"","ast-disable-related-posts":"","theme-transparent-header-meta":"default","adv-header-id-meta":null,"stick-header-meta":null,"header-above-stick-meta":null,"header-main-stick-meta":null,"header-below-stick-meta":null,"astra-migrate-meta-layouts":"default","ast-page-background-enabled":"default","ast-page-background-meta":{"desktop":{"background-color":"","background-image":"","background-repeat":"repeat","background-position":"center center","background-size":"auto","background-attachment":"scroll","background-type":"","background-media":"","overlay-type":"","overlay-color":"","overlay-opacity":"","overlay-gradient":""},"tablet":{"background-color":"","background-image":"","background-repeat":"repeat","background-position":"center center","background-size":"auto","background-attachment":"scroll","background-type":"","background-media":"","overlay-type":"","overlay-color":"","overlay-opacity":"","overlay-gradient":""},"mobile":{"background-color":"","background-image":"","background-repeat":"repeat","background-position":"center center","background-size":"auto","background-attachment":"scroll","background-type":"","background-media":"","overlay-type":"","overlay-color":"","overlay-opacity":"","overlay-gradient":""}},"ast-content-background-meta":{"desktop":{"background-color":"var(--ast-global-color-5)","background-image":"","background-repeat":"repeat","background-position":"center center","background-size":"auto","background-attachment":"scroll","background-type":"","background-media":"","overlay-type":"","overlay-color":"","overlay-opacity":"","overlay-gradient":""},"tablet":{"background-color":"var(--ast-global-color-5)","background-image":"","background-repeat":"repeat","background-position":"center center","background-size":"auto","background-attachment":"scroll","background-type":"","background-media":"","overlay-type":"","overlay-color":"","overlay-opacity":"","overlay-gradient":""},"mobile":{"background-color":"var(--ast-global-color-5)","background-image":"","background-repeat":"repeat","background-position":"center center","background-size":"auto","background-attachment":"scroll","background-type":"","background-media":"","overlay-type":"","overlay-color":"","overlay-opacity":"","overlay-gradient":""}}},"product_brand":[],"product_cat":[414,396,415],"product_tag":[],"class_list":{"0":"post-6527","1":"product","2":"type-product","3":"status-publish","4":"has-post-thumbnail","6":"product_cat-daily-specials-available","7":"product_cat-vegan-dishes-en","8":"product_cat-vegan-dishes-en-2","9":"desktop-align-center","10":"tablet-align-left","11":"mobile-align-left","13":"first","14":"instock","15":"featured","16":"taxable","17":"shipping-taxable","18":"purchasable","19":"product-type-simple"},"_links":{"self":[{"href":"https:\/\/ya-ka.be\/en\/wp-json\/wp\/v2\/product\/6527","targetHints":{"allow":["GET"]}}],"collection":[{"href":"https:\/\/ya-ka.be\/en\/wp-json\/wp\/v2\/product"}],"about":[{"href":"https:\/\/ya-ka.be\/en\/wp-json\/wp\/v2\/types\/product"}],"wp:featuredmedia":[{"embeddable":true,"href":"https:\/\/ya-ka.be\/en\/wp-json\/wp\/v2\/media\/6523"}],"wp:attachment":[{"href":"https:\/\/ya-ka.be\/en\/wp-json\/wp\/v2\/media?parent=6527"}],"wp:term":[{"taxonomy":"product_brand","embeddable":true,"href":"https:\/\/ya-ka.be\/en\/wp-json\/wp\/v2\/product_brand?post=6527"},{"taxonomy":"product_cat","embeddable":true,"href":"https:\/\/ya-ka.be\/en\/wp-json\/wp\/v2\/product_cat?post=6527"},{"taxonomy":"product_tag","embeddable":true,"href":"https:\/\/ya-ka.be\/en\/wp-json\/wp\/v2\/product_tag?post=6527"}],"curies":[{"name":"wp","href":"https:\/\/api.w.org\/{rel}","templated":true}]}}