{"id":5889,"date":"2016-07-20T13:51:22","date_gmt":"2016-07-20T11:51:22","guid":{"rendered":"https:\/\/ya-ka.be\/shop\/"},"modified":"2023-10-05T16:59:13","modified_gmt":"2023-10-05T14:59:13","slug":"shop","status":"publish","type":"page","link":"https:\/\/ya-ka.be\/en\/shop\/","title":{"rendered":"Shop"},"content":{"rendered":"\n<figure class=\"wp-block-image alignfull size-large\"><img fetchpriority=\"high\" decoding=\"async\" width=\"1024\" height=\"241\" src=\"https:\/\/ya-ka.be\/wp-content\/uploads\/2020\/09\/passez-commande-Magasin-traiteur-YA-KA-1-1024x241.jpg\" alt=\"\" class=\"wp-image-3666\" srcset=\"https:\/\/ya-ka.be\/wp-content\/uploads\/2020\/09\/passez-commande-Magasin-traiteur-YA-KA-1-1024x241.jpg 1024w, https:\/\/ya-ka.be\/wp-content\/uploads\/2020\/09\/passez-commande-Magasin-traiteur-YA-KA-1-300x71.jpg 300w, https:\/\/ya-ka.be\/wp-content\/uploads\/2020\/09\/passez-commande-Magasin-traiteur-YA-KA-1-768x181.jpg 768w, https:\/\/ya-ka.be\/wp-content\/uploads\/2020\/09\/passez-commande-Magasin-traiteur-YA-KA-1-1536x362.jpg 1536w, https:\/\/ya-ka.be\/wp-content\/uploads\/2020\/09\/passez-commande-Magasin-traiteur-YA-KA-1-510x120.jpg 510w, https:\/\/ya-ka.be\/wp-content\/uploads\/2020\/09\/passez-commande-Magasin-traiteur-YA-KA-1.jpg 1900w\" sizes=\"(max-width: 1024px) 100vw, 1024px\" \/><\/figure>\n\n\n\n<div class=\"inherit-container-width wp-block-group has-animator is-layout-constrained wp-block-group-is-layout-constrained\"><div class=\"wp-block-group__inner-container\"><\/div><\/div>\n\n\n\n<div class=\"inherit-container-width wp-block-group alignfull has-animator has-vivid-green-cyan-color has-luminous-vivid-amber-background-color has-text-color has-background has-small-font-size is-layout-constrained wp-block-group-is-layout-constrained\" style=\"line-height:0.9\"><div class=\"wp-block-group__inner-container\">\n<figure class=\"wp-block-image size-full is-resized\"><img decoding=\"async\" src=\"https:\/\/ya-ka.be\/wp-content\/uploads\/2020\/10\/un-click-2.jpg\" alt=\"\" class=\"wp-image-4088\" width=\"410\" height=\"107\" srcset=\"https:\/\/ya-ka.be\/wp-content\/uploads\/2020\/10\/un-click-2.jpg 357w, https:\/\/ya-ka.be\/wp-content\/uploads\/2020\/10\/un-click-2-300x78.jpg 300w\" sizes=\"(max-width: 410px) 100vw, 410px\" \/><\/figure>\n\n\n\n<div id=\"kt-split-heading__f9e73d-a7\" class=\"wp-block-kioken-splitheading has-custom-textcolor has-transition has-custom-size\" style=\"text-align:center;font-size:25px;color:#4e7e0f\" data-trans-effect=\"reveal\" data-trans-delay=\"0\" data-trans-rewind=\"false\" data-triggerhook=\"1\"><div class=\"headings_wrapper\"><div class=\"heading-line heading-0\"><h1 class=\"kt-heading-text\" style=\"font-size:25px\">Plats V\u00e9g\u00e9talien disponible \u00e0 la commande, ci-dessous&#8230;.<br>(les allerg\u00e8nes sont soulign\u00e9 en orange)<br><strong><\/strong><\/h1><\/div><\/div><\/div>\n\n\n\n<div class=\"wp-block-columns is-layout-flex wp-container-core-columns-is-layout-28f84493 wp-block-columns-is-layout-flex\" style=\"border-radius:4px\"><\/div>\n<\/div><\/div>\n\n\n\n<p><\/p>\n","protected":false},"excerpt":{"rendered":"<p>Plats V\u00e9g\u00e9talien disponible \u00e0 la commande, ci-dessous&#8230;.(les allerg\u00e8nes sont soulign\u00e9 en orange)<\/p>\n","protected":false},"author":1,"featured_media":0,"parent":0,"menu_order":2,"comment_status":"closed","ping_status":"closed","template":"","meta":{"_seopress_robots_primary_cat":"","_seopress_titles_title":"","_seopress_titles_desc":"","_seopress_robots_index":"","site-sidebar-layout":"no-sidebar","site-content-layout":"default","ast-site-content-layout":"normal-width-container","site-content-style":"boxed","site-sidebar-style":"default","ast-global-header-display":"","ast-banner-title-visibility":"","ast-main-header-display":"","ast-hfb-above-header-display":"","ast-hfb-below-header-display":"","ast-hfb-mobile-header-display":"","site-post-title":"disabled","ast-breadcrumbs-content":"","ast-featured-img":"","footer-sml-layout":"","ast-disable-related-posts":"","theme-transparent-header-meta":"default","adv-header-id-meta":"","stick-header-meta":"","header-above-stick-meta":"","header-main-stick-meta":"","header-below-stick-meta":"","astra-migrate-meta-layouts":"default","ast-page-background-enabled":"default","ast-page-background-meta":{"desktop":{"background-color":"","background-image":"","background-repeat":"repeat","background-position":"center center","background-size":"auto","background-attachment":"scroll","background-type":"","background-media":"","overlay-type":"","overlay-color":"","overlay-opacity":"","overlay-gradient":""},"tablet":{"background-color":"","background-image":"","background-repeat":"repeat","background-position":"center center","background-size":"auto","background-attachment":"scroll","background-type":"","background-media":"","overlay-type":"","overlay-color":"","overlay-opacity":"","overlay-gradient":""},"mobile":{"background-color":"","background-image":"","background-repeat":"repeat","background-position":"center center","background-size":"auto","background-attachment":"scroll","background-type":"","background-media":"","overlay-type":"","overlay-color":"","overlay-opacity":"","overlay-gradient":""}},"ast-content-background-meta":{"desktop":{"background-color":"var(--ast-global-color-5)","background-image":"","background-repeat":"repeat","background-position":"center center","background-size":"auto","background-attachment":"scroll","background-type":"","background-media":"","overlay-type":"","overlay-color":"","overlay-opacity":"","overlay-gradient":""},"tablet":{"background-color":"var(--ast-global-color-5)","background-image":"","background-repeat":"repeat","background-position":"center center","background-size":"auto","background-attachment":"scroll","background-type":"","background-media":"","overlay-type":"","overlay-color":"","overlay-opacity":"","overlay-gradient":""},"mobile":{"background-color":"var(--ast-global-color-5)","background-image":"","background-repeat":"repeat","background-position":"center center","background-size":"auto","background-attachment":"scroll","background-type":"","background-media":"","overlay-type":"","overlay-color":"","overlay-opacity":"","overlay-gradient":""}},"footnotes":""},"class_list":["post-5889","page","type-page","status-publish","hentry"],"_links":{"self":[{"href":"https:\/\/ya-ka.be\/en\/wp-json\/wp\/v2\/pages\/5889","targetHints":{"allow":["GET"]}}],"collection":[{"href":"https:\/\/ya-ka.be\/en\/wp-json\/wp\/v2\/pages"}],"about":[{"href":"https:\/\/ya-ka.be\/en\/wp-json\/wp\/v2\/types\/page"}],"author":[{"embeddable":true,"href":"https:\/\/ya-ka.be\/en\/wp-json\/wp\/v2\/users\/1"}],"replies":[{"embeddable":true,"href":"https:\/\/ya-ka.be\/en\/wp-json\/wp\/v2\/comments?post=5889"}],"version-history":[{"count":0,"href":"https:\/\/ya-ka.be\/en\/wp-json\/wp\/v2\/pages\/5889\/revisions"}],"wp:attachment":[{"href":"https:\/\/ya-ka.be\/en\/wp-json\/wp\/v2\/media?parent=5889"}],"curies":[{"name":"wp","href":"https:\/\/api.w.org\/{rel}","templated":true}]}}